{"id":21,"date":"2024-11-25T10:32:16","date_gmt":"2024-11-25T10:32:16","guid":{"rendered":"https:\/\/atriacenterporto.pt\/?page_id=21"},"modified":"2025-10-08T08:18:53","modified_gmt":"2025-10-08T08:18:53","slug":"empresas-residentes","status":"publish","type":"page","link":"https:\/\/atriacenterporto.pt\/index.php\/empresas-residentes\/","title":{"rendered":"Empresas Residentes"},"content":{"rendered":"\n<p><\/p>\n\n\n\n<p><strong>Adriana Monteiro<\/strong><\/p>\n\n\n\n<div class=\"wp-block-columns is-layout-flex wp-container-core-columns-is-layout-28f84493 wp-block-columns-is-layout-flex\">\n<div class=\"wp-block-column is-layout-flow wp-block-column-is-layout-flow\" style=\"flex-basis:66.66%\">\n<p>Adriana Monteiro, Advogada Fiscalista, Mestre em Direito, Professora Universit\u00e1ria<\/p>\n\n\n\n<p>\u00c1reas de pr\u00e1tica: tributa\u00e7\u00e3o do rendimentos (IRS e IRC), tributa\u00e7\u00e3o da despesa, tributa\u00e7\u00e3o do patrim\u00f3nio, tributa\u00e7\u00e3o internacional, contra-ordena\u00e7\u00f5es fiscais, direito penal fiscal, contencioso tribut\u00e1rio, direito das sociedades, direitos dos contratos, imobili\u00e1rio, direito da fam\u00edlia e sucess\u00f5es.<\/p>\n\n\n\n<p><\/p>\n<\/div>\n\n\n\n<div class=\"wp-block-column is-layout-flow wp-block-column-is-layout-flow\" style=\"flex-basis:33.33%\">\n<figure class=\"wp-block-image size-full\"><img loading=\"lazy\" decoding=\"async\" width=\"274\" height=\"306\" src=\"https:\/\/atriacenterporto.pt\/wp-content\/uploads\/2024\/11\/ADRIANA-MONTEIRO.png\" alt=\"\" class=\"wp-image-115\" srcset=\"https:\/\/atriacenterporto.pt\/wp-content\/uploads\/2024\/11\/ADRIANA-MONTEIRO.png 274w, https:\/\/atriacenterporto.pt\/wp-content\/uploads\/2024\/11\/ADRIANA-MONTEIRO-269x300.png 269w\" sizes=\"auto, (max-width: 274px) 100vw, 274px\" \/><\/figure>\n<\/div>\n<\/div>\n\n\n\n<hr class=\"wp-block-separator has-alpha-channel-opacity is-style-wide\"\/>\n\n\n\n<div class=\"wp-block-columns is-layout-flex wp-container-core-columns-is-layout-28f84493 wp-block-columns-is-layout-flex\">\n<div class=\"wp-block-column is-layout-flow wp-block-column-is-layout-flow\" style=\"flex-basis:66.66%\">\n<div class=\"wp-block-group\"><div class=\"wp-block-group__inner-container is-layout-constrained wp-block-group-is-layout-constrained\"><\/div><\/div>\n\n\n\n<p><strong>Angelina Teixeira<\/strong><br><br>Advogada, RL &#8211; Formadora &#8211; \u00c1rbitra em Direito<br>ATA Advogados<span class=\"highlight\">\u00ae<\/span><br><\/p>\n\n\n\n<p>Direito Administrativo, Contrata\u00e7\u00e3o P\u00fablica, Urbanismo<br>Direito Penal, Contraordenacional e Disciplinar<br>Compliance, RGPD e RGPC<br>Contratos, Laboral, Marcas e Patentes<br>Direito da Fam\u00edlia e Sucess\u00f5es<br>Sa\u00fade e Medicina <br><a href=\"https:\/\/linktr.ee\/angelinateixeira\">https:\/\/linktr.ee\/angelinateixeira<\/a><br><br>+351 924 092 549<\/p>\n\n\n\n<p><\/p>\n<\/div>\n\n\n\n<div class=\"wp-block-column is-vertically-aligned-center is-layout-flow wp-block-column-is-layout-flow\" style=\"flex-basis:33.33%\"><div class=\"wp-block-image\">\n<figure class=\"alignleft size-full\"><img loading=\"lazy\" decoding=\"async\" width=\"508\" height=\"436\" src=\"https:\/\/atriacenterporto.pt\/wp-content\/uploads\/2025\/09\/thumbnail_image.png\" alt=\"\" class=\"wp-image-184\" srcset=\"https:\/\/atriacenterporto.pt\/wp-content\/uploads\/2025\/09\/thumbnail_image.png 508w, https:\/\/atriacenterporto.pt\/wp-content\/uploads\/2025\/09\/thumbnail_image-300x257.png 300w\" sizes=\"auto, (max-width: 508px) 100vw, 508px\" \/><\/figure>\n<\/div><\/div>\n<\/div>\n\n\n\n<hr class=\"wp-block-separator has-alpha-channel-opacity is-style-wide\"\/>\n\n\n\n<p><strong>C\u00e2mara de Com\u00e9rcio Portugal-Cuba: Fortalecendo Rela\u00e7\u00f5es e Oportunidades de Neg\u00f3cios<\/strong><\/p>\n\n\n\n<div class=\"wp-block-columns is-layout-flex wp-container-core-columns-is-layout-28f84493 wp-block-columns-is-layout-flex\">\n<div class=\"wp-block-column is-layout-flow wp-block-column-is-layout-flow\" style=\"flex-basis:66.66%\">\n<p>Fundada em 2014, a C\u00e2mara de Com\u00e9rcio Portugal-Cuba (CCPC) desempenha um papel essencial na constru\u00e7\u00e3o de uma ponte entre as empresas portuguesas e cubanas, promovendo e fortalecendo as rela\u00e7\u00f5es comerciais bilaterais.<\/p>\n\n\n\n<p>Com uma abordagem pr\u00e1tica e estrat\u00e9gica, a CCPC facilita o acesso das empresas aos mercados de Portugal e de Cuba, oferecendo suporte para explorar oportunidades de investimento, estabelecer parcerias e expandir suas atividades.<\/p>\n\n\n\n<p>Contactos : +351&nbsp;913&nbsp;111&nbsp;078<\/p>\n\n\n\n<p>Email : <a href=\"mailto:geral@portugalcuba.com\">geral@portugalcuba.com<\/a> \/ <a href=\"mailto:pgavina@portugalcuba.com\">pgavina@portugalcuba.com<\/a><\/p>\n<\/div>\n\n\n\n<div class=\"wp-block-column is-layout-flow wp-block-column-is-layout-flow\" style=\"flex-basis:33.33%\">\n<figure class=\"wp-block-image size-full\"><img loading=\"lazy\" decoding=\"async\" width=\"243\" height=\"116\" src=\"https:\/\/atriacenterporto.pt\/wp-content\/uploads\/2024\/11\/CAMERA.png\" alt=\"\" class=\"wp-image-114\"\/><\/figure>\n<\/div>\n<\/div>\n\n\n\n<hr class=\"wp-block-separator has-alpha-channel-opacity is-style-wide\"\/>\n\n\n\n<p><strong>CGI<\/strong><\/p>\n\n\n\n<div class=\"wp-block-columns is-layout-flex wp-container-core-columns-is-layout-28f84493 wp-block-columns-is-layout-flex\">\n<div class=\"wp-block-column is-layout-flow wp-block-column-is-layout-flow\" style=\"flex-basis:66.66%\">\n<p class=\"has-text-align-left\">A CGI presta servi\u00e7os na \u00e1rea da contabilidade, fiscalidade, apoio \u00e0 gest\u00e3o e payroll.<\/p>\n\n\n\n<p class=\"has-text-align-left\">Efetuamos tamb\u00e9m consultoria de neg\u00f3cios, idealizando e analisando a consist\u00eancia de neg\u00f3cios antes da sua cria\u00e7\u00e3o ou durante a sua matura\u00e7\u00e3o e crescimento.<\/p>\n\n\n\n<p class=\"has-text-align-left\"><a href=\"http:\/\/www.cgi.pt\/\">www.cgi.pt<\/a><\/p>\n\n\n\n<p class=\"has-text-align-left\">Telefone m\u00f3vel porto: 936&nbsp;917&nbsp;842<\/p>\n\n\n\n<p class=\"has-text-align-left\"><\/p>\n<\/div>\n\n\n\n<div class=\"wp-block-column is-layout-flow wp-block-column-is-layout-flow\" style=\"flex-basis:33.33%\"><div class=\"wp-block-image\">\n<figure class=\"aligncenter size-large\"><img loading=\"lazy\" decoding=\"async\" width=\"1024\" height=\"1024\" src=\"https:\/\/atriacenterporto.pt\/wp-content\/uploads\/2024\/11\/cgi-1024x1024.png\" alt=\"\" class=\"wp-image-105\" srcset=\"https:\/\/atriacenterporto.pt\/wp-content\/uploads\/2024\/11\/cgi-1024x1024.png 1024w, https:\/\/atriacenterporto.pt\/wp-content\/uploads\/2024\/11\/cgi-300x300.png 300w, https:\/\/atriacenterporto.pt\/wp-content\/uploads\/2024\/11\/cgi-150x150.png 150w, https:\/\/atriacenterporto.pt\/wp-content\/uploads\/2024\/11\/cgi-768x768.png 768w, https:\/\/atriacenterporto.pt\/wp-content\/uploads\/2024\/11\/cgi-1536x1536.png 1536w, https:\/\/atriacenterporto.pt\/wp-content\/uploads\/2024\/11\/cgi-2048x2048.png 2048w, https:\/\/atriacenterporto.pt\/wp-content\/uploads\/2024\/11\/cgi-500x500.png 500w\" sizes=\"auto, (max-width: 1024px) 100vw, 1024px\" \/><\/figure>\n<\/div><\/div>\n<\/div>\n\n\n\n<hr class=\"wp-block-separator has-alpha-channel-opacity is-style-wide\"\/>\n\n\n\n<p><strong>Factos &amp; Desafios<\/strong><\/p>\n\n\n\n<div class=\"wp-block-columns is-layout-flex wp-container-core-columns-is-layout-28f84493 wp-block-columns-is-layout-flex\">\n<div class=\"wp-block-column is-layout-flow wp-block-column-is-layout-flow\" style=\"flex-basis:66.66%\">\n<p>Na Factos &amp; Desafios, somos movidos pela miss\u00e3o de transformar neg\u00f3cios, criando valor real e duradouro. Com uma equipa experiente e uma vis\u00e3o ousada, entregamos&nbsp;servi\u00e7os diferenciados que combinam profundidade anal\u00edtica com uma vis\u00e3o estrat\u00e9gica arrojada, elevando a performance e o valor de cada cliente. Acreditamos que cada empresa tem um potencial \u00fanico de transforma\u00e7\u00e3o e sucesso. A Nossa miss\u00e3o \u00e9 amplificar esse potencial, trazendo solu\u00e7\u00f5es sob medida que n\u00e3o s\u00f3 atendem \u00e0s exig\u00eancias atuais, mas tamb\u00e9m preparam as empresas para os desafios do futuro. Cada projeto que assumimos \u00e9 uma parceria de impacto, com foco na cria\u00e7\u00e3o de valor real, inova\u00e7\u00e3o e excel\u00eancia operacional.<\/p>\n\n\n\n<p><a href=\"https:\/\/www.factosdesafios.com\/\" data-type=\"link\" data-id=\"https:\/\/www.factosdesafios.com\/\">www.factosdesafios.com<\/a><\/p>\n<\/div>\n\n\n\n<div class=\"wp-block-column is-layout-flow wp-block-column-is-layout-flow\" style=\"flex-basis:33.33%\"><div class=\"wp-block-image\">\n<figure class=\"aligncenter size-full\"><img loading=\"lazy\" decoding=\"async\" width=\"172\" height=\"50\" src=\"https:\/\/atriacenterporto.pt\/wp-content\/uploads\/2024\/11\/Logotipo_FACTOS-E-DESAFIOS_vertical_original_sem-assinatura.webp\" alt=\"\" class=\"wp-image-121\"\/><\/figure>\n<\/div><\/div>\n<\/div>\n\n\n\n<hr class=\"wp-block-separator has-alpha-channel-opacity is-style-wide\"\/>\n\n\n\n<div class=\"wp-block-columns is-layout-flex wp-container-core-columns-is-layout-28f84493 wp-block-columns-is-layout-flex\">\n<div class=\"wp-block-column is-layout-flow wp-block-column-is-layout-flow\" style=\"flex-basis:66.66%\">\n<p><strong>IM Gest\u00e3o de Ativos SGOIC, SA (IMGA)<\/strong><\/p>\n\n\n\n<p>A IMGA \u00e9 uma sociedade gestora independente, l\u00edder na gest\u00e3o de fundos mobili\u00e1rios em Portugal, com mais de 4,7 mil milh\u00f5es de euros em ativos e 32 fundos comercializados por v\u00e1rias redes banc\u00e1rias. Oferece solu\u00e7\u00f5es de investimento e reforma ajustadas ao perfil de risco, abrangendo diversas classes de ativos e horizontes temporais. Mantendo rigor e inova\u00e7\u00e3o, expande produtos, servi\u00e7os e canais, incluindo Fundos de Capital de Risco para clientes institucionais.<\/p>\n\n\n\n<p>Site: <a href=\"http:\/\/www.imga.pt\">www.imga.pt<\/a><br>Email: <a href=\"mailto:imgainfo@imga.pt\">imgainfo@imga.pt<\/a><\/p>\n\n\n\n<p>Redes Sociais: <a href=\"https:\/\/www.linkedin.com\/company\/im-gestao-de-ativos\/\">LinkedIn<\/a> | <a href=\"https:\/\/www.youtube.com\/channel\/UCWlHTdBywMXqX6tiRCq3aRA\">Youtube<\/a> | <a href=\"https:\/\/www.facebook.com\/IMGestaodeAtivos?view_public_for=106143264513736\">Facebook<\/a> | <a href=\"https:\/\/www.instagram.com\/imgestaodeativos\/\">Instagram<\/a> | <a href=\"https:\/\/open.spotify.com\/show\/6HnJGzXmIT75mtme3keqld\">Spotify<\/a><\/p>\n\n\n\n<p>head office: Av. da Rep\u00fablica 25, 5-A, 1050-186 Lisboa &#8211; Portugal<\/p>\n<\/div>\n\n\n\n<div class=\"wp-block-column is-layout-flow wp-block-column-is-layout-flow\" style=\"flex-basis:33.33%\">\n<figure class=\"wp-block-image size-full\"><img loading=\"lazy\" decoding=\"async\" width=\"405\" height=\"167\" src=\"https:\/\/atriacenterporto.pt\/wp-content\/uploads\/2025\/01\/IMGA-Asset-Management.png\" alt=\"\" class=\"wp-image-151\" srcset=\"https:\/\/atriacenterporto.pt\/wp-content\/uploads\/2025\/01\/IMGA-Asset-Management.png 405w, https:\/\/atriacenterporto.pt\/wp-content\/uploads\/2025\/01\/IMGA-Asset-Management-300x124.png 300w\" sizes=\"auto, (max-width: 405px) 100vw, 405px\" \/><\/figure>\n<\/div>\n<\/div>\n\n\n\n<hr class=\"wp-block-separator has-alpha-channel-opacity is-style-wide\"\/>\n\n\n\n<p><strong>Jo\u00e3o Andr\u00e9 Tralh\u00e3o, Advogado, R.L.<\/strong><\/p>\n\n\n\n<div class=\"wp-block-columns is-layout-flex wp-container-core-columns-is-layout-28f84493 wp-block-columns-is-layout-flex\">\n<div class=\"wp-block-column is-layout-flow wp-block-column-is-layout-flow\" style=\"flex-basis:66.66%\">\n<p>Advogado com actua\u00e7\u00e3o preferencial na \u00e1rea do Direito Civil, incluindo Contratos, Direito da Fam\u00edlia e Sucess\u00f5es, Direito Societ\u00e1rio e com especial enfoque no Direito Laboral<\/p>\n\n\n\n<p><strong>Email<\/strong>: <a href=\"mailto:joaotralhao-44485c@adv.oa.pt\">joaotralhao-44485c@adv.oa.pt<\/a><br><strong>Outros contactos<\/strong> (segundo escrit\u00f3rio): Rua Ferreira Borges, n.\u00ba 36 \u2013 2.\u00ba, Coimbra<\/p>\n<\/div>\n\n\n\n<div class=\"wp-block-column is-layout-flow wp-block-column-is-layout-flow\" style=\"flex-basis:33.33%\"><div class=\"wp-block-image\">\n<figure class=\"aligncenter size-full\"><img loading=\"lazy\" decoding=\"async\" width=\"716\" height=\"716\" src=\"https:\/\/atriacenterporto.pt\/wp-content\/uploads\/2024\/11\/logo.png\" alt=\"\" class=\"wp-image-118\" srcset=\"https:\/\/atriacenterporto.pt\/wp-content\/uploads\/2024\/11\/logo.png 716w, https:\/\/atriacenterporto.pt\/wp-content\/uploads\/2024\/11\/logo-300x300.png 300w, https:\/\/atriacenterporto.pt\/wp-content\/uploads\/2024\/11\/logo-150x150.png 150w\" sizes=\"auto, (max-width: 716px) 100vw, 716px\" \/><\/figure>\n<\/div><\/div>\n<\/div>\n\n\n\n<hr class=\"wp-block-separator has-alpha-channel-opacity is-style-wide\"\/>\n\n\n\n<p><strong>Lourinho Conservas de Carne, Lda<\/strong><\/p>\n\n\n\n<div class=\"wp-block-columns is-layout-flex wp-container-core-columns-is-layout-28f84493 wp-block-columns-is-layout-flex\">\n<div class=\"wp-block-column is-layout-flow wp-block-column-is-layout-flow\" style=\"flex-basis:66.66%\">\n<p>COMERCIO POR GROSSO DE CARNES E PRODUTOS A BASE DE CARNES<\/p>\n\n\n\n<p>Pessoas de contato:<\/p>\n\n\n\n<p>Gerente: Sr. Javier Rodriguez&nbsp;&nbsp;<br>Telem\u00f3vel: 966494929<\/p>\n\n\n\n<p>Diretor Comercial: Sr. Jo\u00e3o Martins&nbsp;&nbsp;&nbsp;&nbsp;&nbsp;&nbsp;&nbsp; <br>Telem\u00f3vel: 965&nbsp;267 643<\/p>\n<\/div>\n\n\n\n<div class=\"wp-block-column is-layout-flow wp-block-column-is-layout-flow\" style=\"flex-basis:33.33%\">\n<figure class=\"wp-block-image size-large\"><img loading=\"lazy\" decoding=\"async\" width=\"1024\" height=\"725\" src=\"https:\/\/atriacenterporto.pt\/wp-content\/uploads\/2024\/11\/Logo-Coren-1024x725.png\" alt=\"\" class=\"wp-image-116\" srcset=\"https:\/\/atriacenterporto.pt\/wp-content\/uploads\/2024\/11\/Logo-Coren-1024x725.png 1024w, https:\/\/atriacenterporto.pt\/wp-content\/uploads\/2024\/11\/Logo-Coren-300x212.png 300w, https:\/\/atriacenterporto.pt\/wp-content\/uploads\/2024\/11\/Logo-Coren-768x543.png 768w, https:\/\/atriacenterporto.pt\/wp-content\/uploads\/2024\/11\/Logo-Coren-1536x1087.png 1536w, https:\/\/atriacenterporto.pt\/wp-content\/uploads\/2024\/11\/Logo-Coren-2048x1449.png 2048w\" sizes=\"auto, (max-width: 1024px) 100vw, 1024px\" \/><\/figure>\n<\/div>\n<\/div>\n\n\n\n<hr class=\"wp-block-separator has-alpha-channel-opacity is-style-wide\"\/>\n\n\n\n<p><br><br><strong>pressmedia \u2013 excel\u00eancia em comunica\u00e7\u00e3o e rela\u00e7\u00f5es p\u00fablicas<\/strong><\/p>\n\n\n\n<div class=\"wp-block-columns is-layout-flex wp-container-core-columns-is-layout-28f84493 wp-block-columns-is-layout-flex\">\n<div class=\"wp-block-column is-layout-flow wp-block-column-is-layout-flow\" style=\"flex-basis:66.66%\">\n<p>A <strong>pressmedia<\/strong> \u00e9 uma das principais ag\u00eancias de comunica\u00e7\u00e3o em Portugal, especializada em <strong>assessoria de imprensa e rela\u00e7\u00f5es p\u00fablicas<\/strong>. Com mais de duas d\u00e9cadas de experi\u00eancia, constru\u00edmos <strong>estrat\u00e9gias de comunica\u00e7\u00e3o impactantes<\/strong>, que fortalecem marcas, aumentam a notoriedade e criam liga\u00e7\u00f5es aut\u00eanticas com os media e o p\u00fablico. Trabalhamos lado a lado com os nossos clientes para transformar mensagens em <strong>hist\u00f3rias que marcam.<\/strong><\/p>\n\n\n\n<p><strong>Email<\/strong>: <a href=\"mailto:contacto@pressmediaonline.com\">contacto@pressmediaonline.com<\/a><\/p>\n<\/div>\n\n\n\n<div class=\"wp-block-column is-layout-flow wp-block-column-is-layout-flow\" style=\"flex-basis:33.33%\">\n<figure class=\"wp-block-image size-large\"><img loading=\"lazy\" decoding=\"async\" width=\"1024\" height=\"1024\" src=\"https:\/\/atriacenterporto.pt\/wp-content\/uploads\/2024\/11\/press_media-1-1024x1024.png\" alt=\"\" class=\"wp-image-104\" srcset=\"https:\/\/atriacenterporto.pt\/wp-content\/uploads\/2024\/11\/press_media-1-1024x1024.png 1024w, https:\/\/atriacenterporto.pt\/wp-content\/uploads\/2024\/11\/press_media-1-300x300.png 300w, https:\/\/atriacenterporto.pt\/wp-content\/uploads\/2024\/11\/press_media-1-150x150.png 150w, https:\/\/atriacenterporto.pt\/wp-content\/uploads\/2024\/11\/press_media-1-768x768.png 768w, https:\/\/atriacenterporto.pt\/wp-content\/uploads\/2024\/11\/press_media-1-1536x1536.png 1536w, https:\/\/atriacenterporto.pt\/wp-content\/uploads\/2024\/11\/press_media-1-2048x2048.png 2048w, https:\/\/atriacenterporto.pt\/wp-content\/uploads\/2024\/11\/press_media-1-500x500.png 500w\" sizes=\"auto, (max-width: 1024px) 100vw, 1024px\" \/><\/figure>\n<\/div>\n<\/div>\n\n\n\n<hr class=\"wp-block-separator has-alpha-channel-opacity is-style-wide\"\/>\n\n\n\n<p><strong>SALEM  &#8211; Investimentos Imobili\u00e1rios<\/strong><\/p>\n\n\n\n<div class=\"wp-block-columns is-layout-flex wp-container-core-columns-is-layout-28f84493 wp-block-columns-is-layout-flex\">\n<div class=\"wp-block-column is-layout-flow wp-block-column-is-layout-flow\" style=\"flex-basis:66.66%\">\n<p><\/p>\n\n\n\n<p>Empresa especializada no investimento, venda e aluguer de imobili\u00e1rio.<br>Dedica-se a prestar servi\u00e7os de consultoria personalizados, com o objetivo de ajudar amigos a tomar decis\u00f5es informadas sobre investimentos imobili\u00e1rios, atrav\u00e9s de uma abordagem pr\u00f3xima e de confian\u00e7a.<\/p>\n\n\n\n<p><strong>Email<\/strong>: <u><a href=\"mailto:saleminvestimentos@gmail.com\">saleminvestimentos@gmail.com<\/a><\/u><\/p>\n<\/div>\n\n\n\n<div class=\"wp-block-column is-layout-flow wp-block-column-is-layout-flow\" style=\"flex-basis:33.33%\">\n<figure class=\"wp-block-image size-full\"><img loading=\"lazy\" decoding=\"async\" width=\"1011\" height=\"650\" src=\"https:\/\/atriacenterporto.pt\/wp-content\/uploads\/2024\/11\/LOGO-SALEM.jpg\" alt=\"\" class=\"wp-image-117\" srcset=\"https:\/\/atriacenterporto.pt\/wp-content\/uploads\/2024\/11\/LOGO-SALEM.jpg 1011w, https:\/\/atriacenterporto.pt\/wp-content\/uploads\/2024\/11\/LOGO-SALEM-300x193.jpg 300w, https:\/\/atriacenterporto.pt\/wp-content\/uploads\/2024\/11\/LOGO-SALEM-768x494.jpg 768w\" sizes=\"auto, (max-width: 1011px) 100vw, 1011px\" \/><\/figure>\n<\/div>\n<\/div>\n\n\n\n<hr class=\"wp-block-separator has-alpha-channel-opacity is-style-wide\"\/>\n\n\n\n<div class=\"wp-block-columns is-layout-flex wp-container-core-columns-is-layout-28f84493 wp-block-columns-is-layout-flex\">\n<div class=\"wp-block-column is-layout-flow wp-block-column-is-layout-flow\" style=\"flex-basis:66.66%\">\n<p><\/p>\n<\/div>\n\n\n\n<div class=\"wp-block-column is-layout-flow wp-block-column-is-layout-flow\" style=\"flex-basis:33.33%\"><\/div>\n<\/div>\n\n\n\n<p><strong>Westar Architects International Ltd<\/strong><\/p>\n\n\n\n<div class=\"wp-block-columns is-layout-flex wp-container-core-columns-is-layout-28f84493 wp-block-columns-is-layout-flex\">\n<div class=\"wp-block-column is-layout-flow wp-block-column-is-layout-flow\" style=\"flex-basis:66.66%\">\n<p>Creativity | Passion | Service<\/p>\n\n\n\n<p>Westar Architects International is a multi-disciplinary international architectural, interior design office and client advisory firm, specializing in Hospitality, Integrated Resorts and Gaming, with a strong focus on disruptive ideas based on a holistic approach to design.<\/p>\n\n\n\n<p>The services we provide include:<br>Master Planning<br>Architecture,&nbsp;Interior Design<br>On-site Management (Design and Project Management)<br>3D Modelling,&nbsp;Lighting Design<br>Graphic Design,&nbsp;Branding<\/p>\n<\/div>\n\n\n\n<div class=\"wp-block-column is-layout-flow wp-block-column-is-layout-flow\" style=\"flex-basis:33.33%\">\n<figure class=\"wp-block-image size-full\"><img loading=\"lazy\" decoding=\"async\" width=\"925\" height=\"925\" src=\"https:\/\/atriacenterporto.pt\/wp-content\/uploads\/2024\/11\/WESTAR-LOGO-CENTERED-blue.jpg\" alt=\"\" class=\"wp-image-120\" srcset=\"https:\/\/atriacenterporto.pt\/wp-content\/uploads\/2024\/11\/WESTAR-LOGO-CENTERED-blue.jpg 925w, https:\/\/atriacenterporto.pt\/wp-content\/uploads\/2024\/11\/WESTAR-LOGO-CENTERED-blue-300x300.jpg 300w, https:\/\/atriacenterporto.pt\/wp-content\/uploads\/2024\/11\/WESTAR-LOGO-CENTERED-blue-150x150.jpg 150w, https:\/\/atriacenterporto.pt\/wp-content\/uploads\/2024\/11\/WESTAR-LOGO-CENTERED-blue-768x768.jpg 768w\" sizes=\"auto, (max-width: 925px) 100vw, 925px\" \/><\/figure>\n<\/div>\n<\/div>\n\n\n\n<p>More Information and Contacts:<\/p>\n\n\n\n<p><a href=\"http:\/\/www.westarinternational.com\">www.westarinternational.com<\/a>&nbsp;<\/p>\n\n\n\n<p><strong>Email<\/strong>: <a href=\"mailto:info@westarmacau.com\">info@westarmacau.com<\/a><\/p>\n\n\n\n<p>Arq. Mafalda Botelho Tlm. +351 932082282 <a href=\"mailto:mbotelho@westarmacau.com\">mbotelho@westarmacau.com<\/a><\/p>\n\n\n\n<p>D.er Rita Ferreira Tlm. +351 915895946 <a href=\"mailto:rferreira@westarmacau.com\">rferreira@westarmacau.com<\/a><\/p>\n\n\n\n<p><\/p>\n\n\n\n<hr class=\"wp-block-separator has-alpha-channel-opacity is-style-wide\"\/>\n\n\n\n<p><\/p>\n","protected":false},"excerpt":{"rendered":"<p>Adriana Monteiro Adriana Monteiro, Advogada Fiscalista, Mestre em Direito, Professora Universit\u00e1ria \u00c1reas de pr\u00e1tica: tributa\u00e7\u00e3o do rendimentos (IRS e IRC), tributa\u00e7\u00e3o da despesa, tributa\u00e7\u00e3o do patrim\u00f3nio, tributa\u00e7\u00e3o internacional, contra-ordena\u00e7\u00f5es fiscais, direito penal fiscal, contencioso tribut\u00e1rio, direito das sociedades, direitos dos contratos, imobili\u00e1rio, direito da fam\u00edlia e sucess\u00f5es. Angelina Teixeira Advogada, [&hellip;]<\/p>\n","protected":false},"author":1,"featured_media":0,"parent":0,"menu_order":0,"comment_status":"closed","ping_status":"closed","template":"","meta":{"_themeisle_gutenberg_block_has_review":false,"cybocfi_hide_featured_image":"","footnotes":""},"class_list":["post-21","page","type-page","status-publish","hentry"],"_links":{"self":[{"href":"https:\/\/atriacenterporto.pt\/index.php\/wp-json\/wp\/v2\/pages\/21","targetHints":{"allow":["GET"]}}],"collection":[{"href":"https:\/\/atriacenterporto.pt\/index.php\/wp-json\/wp\/v2\/pages"}],"about":[{"href":"https:\/\/atriacenterporto.pt\/index.php\/wp-json\/wp\/v2\/types\/page"}],"author":[{"embeddable":true,"href":"https:\/\/atriacenterporto.pt\/index.php\/wp-json\/wp\/v2\/users\/1"}],"replies":[{"embeddable":true,"href":"https:\/\/atriacenterporto.pt\/index.php\/wp-json\/wp\/v2\/comments?post=21"}],"version-history":[{"count":13,"href":"https:\/\/atriacenterporto.pt\/index.php\/wp-json\/wp\/v2\/pages\/21\/revisions"}],"predecessor-version":[{"id":196,"href":"https:\/\/atriacenterporto.pt\/index.php\/wp-json\/wp\/v2\/pages\/21\/revisions\/196"}],"wp:attachment":[{"href":"https:\/\/atriacenterporto.pt\/index.php\/wp-json\/wp\/v2\/media?parent=21"}],"curies":[{"name":"wp","href":"https:\/\/api.w.org\/{rel}","templated":true}]}}