{"id":128,"date":"2024-12-20T09:41:43","date_gmt":"2024-12-20T09:41:43","guid":{"rendered":"https:\/\/atriacenterporto.pt\/?page_id=128"},"modified":"2025-02-03T16:35:20","modified_gmt":"2025-02-03T16:35:20","slug":"a-historia","status":"publish","type":"page","link":"https:\/\/atriacenterporto.pt\/index.php\/a-historia\/","title":{"rendered":"A Hist\u00f3ria"},"content":{"rendered":"\n<p><\/p>\n\n\n\n<p class=\"ticss-2c763fdb\">O&nbsp;<strong>Palacete da Avenida da Boavista<\/strong>, carinhosamente conhecido como a&nbsp;<strong>Casa das Andorinhas<\/strong>, \u00e9 uma joia hist\u00f3rica que remonta ao in\u00edcio do s\u00e9culo XX. A sua constru\u00e7\u00e3o remonta a&nbsp;<strong>1902<\/strong>, sendo originalmente encomendada por&nbsp;<strong>Jos\u00e9 Zagalo Ilharco<\/strong>&nbsp;(1860-1910), um fot\u00f3grafo amador de renome, natural de Lamego. Reconhecido e premiado em \u00e2mbito nacional e internacional, Zagalo Ilharco dedicou-se especialmente \u00e0 fotografia de paisagens, mas tamb\u00e9m registrou retratos de familiares, amigos e os ambientes que marcaram sua vida.<\/p>\n\n\n\n<p class=\"ticss-93d8acc3\">Como amante da natureza, Jos\u00e9 Zagalo Ilharco mandou plantar as \u00e1rvores que ainda hoje caracterizam o jardim do palacete, integrando a arquitetura da casa \u00e0 sua paix\u00e3o pela beleza natural. No entanto, sua vida foi interrompida precocemente aos 50 anos, no Porto, em&nbsp;<strong>1910<\/strong>, levando os herdeiros a venderem a propriedade.<\/p>\n\n\n\n<p class=\"ticss-d4cfa93a\">Em&nbsp;<strong>1914<\/strong>, o im\u00f3vel ganhou um novo propriet\u00e1rio,&nbsp;<strong>Manuel Alves Soares<\/strong>, um influente capitalista com liga\u00e7\u00f5es a diversos empreendimentos de destaque, como o jornal&nbsp;<strong>\u201cO Primeiro de Janeiro\u201d<\/strong>&nbsp;e a&nbsp;<strong>Empresa Fabril do Norte<\/strong>. O novo propriet\u00e1rio iniciou obras de amplia\u00e7\u00e3o e embelezamento, transformando a casa na forma como a conhecemos atualmente. O palacete, com sua imponente torre de telhado verde e elementos decorativos elaborados, passou a refletir o estilo refinado e a vis\u00e3o do novo dono.<\/p>\n\n\n\n<p class=\"ticss-5092c35c\">Manuel mudou-se para o local com sua esposa. Apesar de n\u00e3o terem filhos, o casal adotou um sobrinho, que viveu na propriedade e constituiu sua pr\u00f3pria fam\u00edlia ali. Ao longo do tempo, a casa foi testemunha de gera\u00e7\u00f5es, sendo habitada pelos descendentes deste sobrinho, que teve&nbsp;<strong>seis filhos<\/strong>.<\/p>\n\n\n\n<p class=\"ticss-d2bcb23e\">Hoje, a&nbsp;<strong>Casa das Andorinhas<\/strong>&nbsp;\u00e9 um s\u00edmbolo de tradi\u00e7\u00e3o e beleza arquitet\u00f4nica, mantendo viva a mem\u00f3ria de seus antigos moradores e o esp\u00edrito do cuidado e amor que marcaram sua hist\u00f3ria.<\/p>\n\n\n\n<p><\/p>\n\n\n\n<div class=\"wp-block-columns is-layout-flex wp-container-core-columns-is-layout-28f84493 wp-block-columns-is-layout-flex\">\n<div class=\"wp-block-column is-layout-flow wp-block-column-is-layout-flow\">\n<figure class=\"wp-block-image size-large\"><img loading=\"lazy\" decoding=\"async\" width=\"1024\" height=\"725\" src=\"https:\/\/atriacenterporto.pt\/wp-content\/uploads\/2024\/12\/LO-1916-0478-470-1024x725.png\" alt=\"\" class=\"wp-image-130\" srcset=\"https:\/\/atriacenterporto.pt\/wp-content\/uploads\/2024\/12\/LO-1916-0478-470-1024x725.png 1024w, https:\/\/atriacenterporto.pt\/wp-content\/uploads\/2024\/12\/LO-1916-0478-470-300x212.png 300w, https:\/\/atriacenterporto.pt\/wp-content\/uploads\/2024\/12\/LO-1916-0478-470-768x544.png 768w, https:\/\/atriacenterporto.pt\/wp-content\/uploads\/2024\/12\/LO-1916-0478-470-1536x1087.png 1536w, https:\/\/atriacenterporto.pt\/wp-content\/uploads\/2024\/12\/LO-1916-0478-470-2048x1450.png 2048w\" sizes=\"auto, (max-width: 1024px) 100vw, 1024px\" \/><\/figure>\n<\/div>\n\n\n\n<div class=\"wp-block-column is-layout-flow wp-block-column-is-layout-flow\">\n<figure class=\"wp-block-image size-large\"><img loading=\"lazy\" decoding=\"async\" width=\"1024\" height=\"725\" src=\"https:\/\/atriacenterporto.pt\/wp-content\/uploads\/2024\/12\/LO-1916-0478-470cont-1-1024x725.png\" alt=\"\" class=\"wp-image-132\" srcset=\"https:\/\/atriacenterporto.pt\/wp-content\/uploads\/2024\/12\/LO-1916-0478-470cont-1-1024x725.png 1024w, https:\/\/atriacenterporto.pt\/wp-content\/uploads\/2024\/12\/LO-1916-0478-470cont-1-300x212.png 300w, https:\/\/atriacenterporto.pt\/wp-content\/uploads\/2024\/12\/LO-1916-0478-470cont-1-768x544.png 768w, https:\/\/atriacenterporto.pt\/wp-content\/uploads\/2024\/12\/LO-1916-0478-470cont-1-1536x1087.png 1536w, https:\/\/atriacenterporto.pt\/wp-content\/uploads\/2024\/12\/LO-1916-0478-470cont-1-2048x1450.png 2048w\" sizes=\"auto, (max-width: 1024px) 100vw, 1024px\" \/><\/figure>\n<\/div>\n<\/div>\n\n\n\n<div class=\"wp-block-columns is-layout-flex wp-container-core-columns-is-layout-28f84493 wp-block-columns-is-layout-flex\">\n<div class=\"wp-block-column is-layout-flow wp-block-column-is-layout-flow\" style=\"flex-basis:100%\"><\/div>\n<\/div>\n\n\n\n<div class=\"wp-block-columns is-layout-flex wp-container-core-columns-is-layout-28f84493 wp-block-columns-is-layout-flex\">\n<div class=\"wp-block-column is-layout-flow wp-block-column-is-layout-flow\">\n<figure class=\"wp-block-gallery has-nested-images columns-default is-cropped wp-block-gallery-1 is-layout-flex wp-block-gallery-is-layout-flex\">\n<figure class=\"wp-block-image size-large\"><img loading=\"lazy\" decoding=\"async\" width=\"739\" height=\"1024\" data-id=\"138\" src=\"https:\/\/atriacenterporto.pt\/wp-content\/uploads\/2024\/12\/1-739x1024.jpg\" alt=\"\" class=\"wp-image-138\" srcset=\"https:\/\/atriacenterporto.pt\/wp-content\/uploads\/2024\/12\/1-739x1024.jpg 739w, https:\/\/atriacenterporto.pt\/wp-content\/uploads\/2024\/12\/1-217x300.jpg 217w, https:\/\/atriacenterporto.pt\/wp-content\/uploads\/2024\/12\/1-768x1064.jpg 768w, https:\/\/atriacenterporto.pt\/wp-content\/uploads\/2024\/12\/1.jpg 930w\" sizes=\"auto, (max-width: 739px) 100vw, 739px\" \/><\/figure>\n\n\n\n<figure class=\"wp-block-image size-large\"><img loading=\"lazy\" decoding=\"async\" width=\"853\" height=\"1020\" data-id=\"139\" src=\"https:\/\/atriacenterporto.pt\/wp-content\/uploads\/2024\/12\/2.jpg\" alt=\"\" class=\"wp-image-139\" srcset=\"https:\/\/atriacenterporto.pt\/wp-content\/uploads\/2024\/12\/2.jpg 853w, https:\/\/atriacenterporto.pt\/wp-content\/uploads\/2024\/12\/2-251x300.jpg 251w, https:\/\/atriacenterporto.pt\/wp-content\/uploads\/2024\/12\/2-768x918.jpg 768w\" sizes=\"auto, (max-width: 853px) 100vw, 853px\" \/><\/figure>\n\n\n\n<figure class=\"wp-block-image size-large\"><img loading=\"lazy\" decoding=\"async\" width=\"744\" height=\"1024\" data-id=\"142\" src=\"https:\/\/atriacenterporto.pt\/wp-content\/uploads\/2024\/12\/3-744x1024.jpg\" alt=\"\" class=\"wp-image-142\" srcset=\"https:\/\/atriacenterporto.pt\/wp-content\/uploads\/2024\/12\/3-744x1024.jpg 744w, https:\/\/atriacenterporto.pt\/wp-content\/uploads\/2024\/12\/3-218x300.jpg 218w, https:\/\/atriacenterporto.pt\/wp-content\/uploads\/2024\/12\/3-768x1058.jpg 768w, https:\/\/atriacenterporto.pt\/wp-content\/uploads\/2024\/12\/3.jpg 907w\" sizes=\"auto, (max-width: 744px) 100vw, 744px\" \/><\/figure>\n\n\n\n<figure class=\"wp-block-image size-large\"><img loading=\"lazy\" decoding=\"async\" width=\"1002\" height=\"1389\" data-id=\"141\" src=\"https:\/\/atriacenterporto.pt\/wp-content\/uploads\/2024\/12\/4-739x1024.jpg\" alt=\"\" class=\"wp-image-141\" srcset=\"https:\/\/atriacenterporto.pt\/wp-content\/uploads\/2024\/12\/4-739x1024.jpg 739w, https:\/\/atriacenterporto.pt\/wp-content\/uploads\/2024\/12\/4-216x300.jpg 216w, https:\/\/atriacenterporto.pt\/wp-content\/uploads\/2024\/12\/4-768x1065.jpg 768w, https:\/\/atriacenterporto.pt\/wp-content\/uploads\/2024\/12\/4.jpg 1002w\" sizes=\"auto, (max-width: 1002px) 100vw, 1002px\" \/><\/figure>\n\n\n\n<figure class=\"wp-block-image size-large\"><img loading=\"lazy\" decoding=\"async\" width=\"738\" height=\"1024\" data-id=\"140\" src=\"https:\/\/atriacenterporto.pt\/wp-content\/uploads\/2024\/12\/5-738x1024.jpg\" alt=\"\" class=\"wp-image-140\" srcset=\"https:\/\/atriacenterporto.pt\/wp-content\/uploads\/2024\/12\/5-738x1024.jpg 738w, https:\/\/atriacenterporto.pt\/wp-content\/uploads\/2024\/12\/5-216x300.jpg 216w, https:\/\/atriacenterporto.pt\/wp-content\/uploads\/2024\/12\/5-768x1066.jpg 768w, https:\/\/atriacenterporto.pt\/wp-content\/uploads\/2024\/12\/5.jpg 1009w\" sizes=\"auto, (max-width: 738px) 100vw, 738px\" \/><\/figure>\n\n\n\n<figure class=\"wp-block-image size-large\"><img loading=\"lazy\" decoding=\"async\" width=\"691\" height=\"589\" data-id=\"137\" src=\"https:\/\/atriacenterporto.pt\/wp-content\/uploads\/2024\/12\/6.jpg\" alt=\"\" class=\"wp-image-137\" srcset=\"https:\/\/atriacenterporto.pt\/wp-content\/uploads\/2024\/12\/6.jpg 691w, https:\/\/atriacenterporto.pt\/wp-content\/uploads\/2024\/12\/6-300x256.jpg 300w\" sizes=\"auto, (max-width: 691px) 100vw, 691px\" \/><\/figure>\n\n\n\n<figure class=\"wp-block-image size-large\"><img loading=\"lazy\" decoding=\"async\" width=\"719\" height=\"1024\" data-id=\"143\" src=\"https:\/\/atriacenterporto.pt\/wp-content\/uploads\/2024\/12\/7-719x1024.jpg\" alt=\"\" class=\"wp-image-143\" srcset=\"https:\/\/atriacenterporto.pt\/wp-content\/uploads\/2024\/12\/7-719x1024.jpg 719w, https:\/\/atriacenterporto.pt\/wp-content\/uploads\/2024\/12\/7-211x300.jpg 211w, https:\/\/atriacenterporto.pt\/wp-content\/uploads\/2024\/12\/7-768x1093.jpg 768w, https:\/\/atriacenterporto.pt\/wp-content\/uploads\/2024\/12\/7.jpg 984w\" sizes=\"auto, (max-width: 719px) 100vw, 719px\" \/><\/figure>\n\n\n\n<figure class=\"wp-block-image size-large\"><img loading=\"lazy\" decoding=\"async\" width=\"1024\" height=\"744\" data-id=\"144\" src=\"https:\/\/atriacenterporto.pt\/wp-content\/uploads\/2024\/12\/8-1024x744.jpg\" alt=\"\" class=\"wp-image-144\" srcset=\"https:\/\/atriacenterporto.pt\/wp-content\/uploads\/2024\/12\/8-1024x744.jpg 1024w, https:\/\/atriacenterporto.pt\/wp-content\/uploads\/2024\/12\/8-300x218.jpg 300w, https:\/\/atriacenterporto.pt\/wp-content\/uploads\/2024\/12\/8-768x558.jpg 768w, https:\/\/atriacenterporto.pt\/wp-content\/uploads\/2024\/12\/8-1536x1116.jpg 1536w, https:\/\/atriacenterporto.pt\/wp-content\/uploads\/2024\/12\/8.jpg 1668w\" sizes=\"auto, (max-width: 1024px) 100vw, 1024px\" \/><\/figure>\n\n\n\n<figure class=\"wp-block-image size-large\"><img loading=\"lazy\" decoding=\"async\" width=\"1024\" height=\"773\" data-id=\"146\" src=\"https:\/\/atriacenterporto.pt\/wp-content\/uploads\/2024\/12\/9-1024x773.jpg\" alt=\"\" class=\"wp-image-146\" srcset=\"https:\/\/atriacenterporto.pt\/wp-content\/uploads\/2024\/12\/9-1024x773.jpg 1024w, https:\/\/atriacenterporto.pt\/wp-content\/uploads\/2024\/12\/9-300x227.jpg 300w, https:\/\/atriacenterporto.pt\/wp-content\/uploads\/2024\/12\/9-768x580.jpg 768w, https:\/\/atriacenterporto.pt\/wp-content\/uploads\/2024\/12\/9-1536x1160.jpg 1536w, https:\/\/atriacenterporto.pt\/wp-content\/uploads\/2024\/12\/9.jpg 1809w\" sizes=\"auto, (max-width: 1024px) 100vw, 1024px\" \/><\/figure>\n\n\n\n<figure class=\"wp-block-image size-large\"><img loading=\"lazy\" decoding=\"async\" width=\"705\" height=\"951\" data-id=\"145\" src=\"https:\/\/atriacenterporto.pt\/wp-content\/uploads\/2024\/12\/10.jpg\" alt=\"\" class=\"wp-image-145\" srcset=\"https:\/\/atriacenterporto.pt\/wp-content\/uploads\/2024\/12\/10.jpg 705w, https:\/\/atriacenterporto.pt\/wp-content\/uploads\/2024\/12\/10-222x300.jpg 222w\" sizes=\"auto, (max-width: 705px) 100vw, 705px\" \/><\/figure>\n\n\n\n<figure class=\"wp-block-image size-large\"><img loading=\"lazy\" decoding=\"async\" width=\"1024\" height=\"777\" data-id=\"147\" src=\"https:\/\/atriacenterporto.pt\/wp-content\/uploads\/2024\/12\/11-1024x777.jpg\" alt=\"\" class=\"wp-image-147\" srcset=\"https:\/\/atriacenterporto.pt\/wp-content\/uploads\/2024\/12\/11-1024x777.jpg 1024w, https:\/\/atriacenterporto.pt\/wp-content\/uploads\/2024\/12\/11-300x228.jpg 300w, https:\/\/atriacenterporto.pt\/wp-content\/uploads\/2024\/12\/11-768x583.jpg 768w, https:\/\/atriacenterporto.pt\/wp-content\/uploads\/2024\/12\/11.jpg 1406w\" sizes=\"auto, (max-width: 1024px) 100vw, 1024px\" \/><\/figure>\n<\/figure>\n<\/div>\n<\/div>\n","protected":false},"excerpt":{"rendered":"<p>O&nbsp;Palacete da Avenida da Boavista, carinhosamente conhecido como a&nbsp;Casa das Andorinhas, \u00e9 uma joia hist\u00f3rica que remonta ao in\u00edcio do s\u00e9culo XX. A sua constru\u00e7\u00e3o remonta a&nbsp;1902, sendo originalmente encomendada por&nbsp;Jos\u00e9 Zagalo Ilharco&nbsp;(1860-1910), um fot\u00f3grafo amador de renome, natural de Lamego. Reconhecido e premiado em \u00e2mbito nacional e internacional, Zagalo [&hellip;]<\/p>\n","protected":false},"author":1,"featured_media":0,"parent":0,"menu_order":0,"comment_status":"closed","ping_status":"closed","template":"","meta":{"_themeisle_gutenberg_block_has_review":false,"cybocfi_hide_featured_image":"","footnotes":""},"class_list":["post-128","page","type-page","status-publish","hentry"],"_links":{"self":[{"href":"https:\/\/atriacenterporto.pt\/index.php\/wp-json\/wp\/v2\/pages\/128","targetHints":{"allow":["GET"]}}],"collection":[{"href":"https:\/\/atriacenterporto.pt\/index.php\/wp-json\/wp\/v2\/pages"}],"about":[{"href":"https:\/\/atriacenterporto.pt\/index.php\/wp-json\/wp\/v2\/types\/page"}],"author":[{"embeddable":true,"href":"https:\/\/atriacenterporto.pt\/index.php\/wp-json\/wp\/v2\/users\/1"}],"replies":[{"embeddable":true,"href":"https:\/\/atriacenterporto.pt\/index.php\/wp-json\/wp\/v2\/comments?post=128"}],"version-history":[{"count":5,"href":"https:\/\/atriacenterporto.pt\/index.php\/wp-json\/wp\/v2\/pages\/128\/revisions"}],"predecessor-version":[{"id":164,"href":"https:\/\/atriacenterporto.pt\/index.php\/wp-json\/wp\/v2\/pages\/128\/revisions\/164"}],"wp:attachment":[{"href":"https:\/\/atriacenterporto.pt\/index.php\/wp-json\/wp\/v2\/media?parent=128"}],"curies":[{"name":"wp","href":"https:\/\/api.w.org\/{rel}","templated":true}]}}